{"id":2797,"date":"2026-03-05T14:37:52","date_gmt":"2026-03-05T14:37:52","guid":{"rendered":"https:\/\/tanieprzejazdyak.pl\/?page_id=2797"},"modified":"2026-03-05T14:39:35","modified_gmt":"2026-03-05T14:39:35","slug":"regulamin","status":"publish","type":"page","link":"https:\/\/tanieprzejazdyak.pl\/?page_id=2797","title":{"rendered":"Regulamin"},"content":{"rendered":"\n<p><strong>Regulamin przewozu os\u00f3b<\/strong><\/p>\n\n\n\n<p>\u00a71. [Postanowienia og\u00f3lne]<\/p>\n\n\n\n<p>1.1. Niniejsze postanowienia stanowi\u0105 regulamin w rozumieniu art. 4<br>ustawy z dnia 15 listopada 1984 r. prawo przewozowe (Dz. U. z 2000 r. nr<br>50, poz. 601; z p\u00f3\u017an. zmianami) i okre\u015bla warunki obs\u0142ugi podr\u00f3\u017cnych,<br>odprawy oraz przewozu os\u00f3b i rzeczy.<br>1.2. U\u017cyte w Regulaminie okre\u015blenia nale\u017cy rozumie\u0107:<br>a) Tanie PrzejazdyAK Sp.z o.o. NIP 9191841636, KRS0001225504<br>b) Przewo\u017anik &#8211; firma Komfortowe Przejazdy<br>c) Pasa\u017cer &#8211; osoba korzystaj\u0105ca z us\u0142ugi przewozu firmy<br>Komfortoweprzejazdy.pl na podstawie uiszczonej kwoty za<br>przejazd\/zap\u0142aconego biletu,<br>d) Baga\u017c &#8211; rzeczy ruchome zabierane przez podr\u00f3\u017cnego do pojazdu.<\/p>\n\n\n\n<p>\u00a72. [PRZEWO\u0179NIK]<\/p>\n\n\n\n<p>2.1.Przewo\u017anik zobowi\u0105zuje si\u0119 do przewozu Pasa\u017cera i jego baga\u017cu w<br>wyznaczone miejsce,<br>2.2. Przewo\u017anik zobowi\u0105zuje si\u0119 do do\u0142o\u017cenia wszelkich stara\u0144, aby<br>przewie\u017a\u0107 Pasa\u017cera i jego baga\u017c w czasie, jaki zosta\u0142 wyznaczony. Z<br>uwagi na specyfik\u0119 dzia\u0142alno\u015bci przewo\u017anika (przewozy Door to Door)<br>godziny wyjazdu i przyjazdu mog\u0105 ulec zmianie, nie s\u0105 obj\u0119te gwarancj\u0105 i<br>nie stanowi\u0105 cz\u0119\u015bci umowy przewozu,<br>2.3. Przewo\u017anik nie jest odpowiedzialny za op\u00f3\u017anienia lub odwo\u0142ania<br>kurs\u00f3w z przyczyn od niego niezale\u017cnych (np. zamkni\u0119cie granic, \u017cywio\u0142y,<br>utrudnienia w ruchu drogowym lub na przej\u015bciach granicznych, itp.), ani<br>wynikaj\u0105ce z nich dalsze, bli\u017cej nie okre\u015blone skutki,<br>2.4. Na podstawie art. 5 ustawy z dnia 15 listopada 1984 roku prawo<br>przewozowe w razie konieczno\u015bci Przewo\u017anik mo\u017ce zmieni\u0107 kolejnych<br>wykonawc\u00f3w us\u0142ugi przewozu oraz dokona\u0107 zmiany pojazdu,<br>2.5 W sytuacjach wyj\u0105tkowych Przewo\u017anik mo\u017ce zmieni\u0107 miejsca wysadzenia<br>adresat\u00f3w,<br>2.6. Przewo\u017anik jest uprawniony do odmowy wykonania przewozu (lub jego<br>kontynuacji) bez konieczno\u015bci zwrotu koszt\u00f3w poniesionych przez Pasa\u017cera<br>w zwi\u0105zku z podr\u00f3\u017c\u0105, w przypadku gdy Pasa\u017cer:<br>a) nie przestrzega warunk\u00f3w umowy przewozu w tym niniejszego Regulaminu,<br>b) znajduje si\u0119 w stanie wskazuj\u0105cym na spo\u017cycie alkoholu lub \u015brodk\u00f3w<br>odurzaj\u0105cych,<br>c) zachowuje si\u0119 w spos\u00f3b uci\u0105\u017cliwy dla wsp\u00f3\u0142pasa\u017cer\u00f3w,<br>d) zachowuje si\u0119 w spos\u00f3b zagra\u017caj\u0105cy bezpiecze\u0144stwu i zdrowiu<br>wsp\u00f3\u0142pasa\u017cer\u00f3w,<br>e) nie posiada wymaganych dokument\u00f3w potrzebnych do przekroczenia<br>granicy lub nie stosuje si\u0119 do przepis\u00f3w celno-dewizowych, b\u0105d\u017a te\u017c nie<br>zosta\u0142 wpuszczony do kraju przez w\u0142adze imigracyjne) przewozi towary,<br>kt\u00f3re ze wzgl\u0119du na ilo\u015b\u0107 lub rodzaj wymagaj\u0105 d\u0142u\u017cszej odprawy<br>granicznej i tym samym mog\u0105 powodowa\u0107 op\u00f3\u017anienia w odprawie pojazdu na<br>granicy.<br>2.7. Przewo\u017anik zastrzega, i\u017c nie ponosi on odpowiedzialno\u015bci z tytu\u0142u<br>podania b\u0142\u0119dnego adresu przez Pasa\u017cera.<\/p>\n\n\n\n<p>\u00a73. [PASA\u017bER]<\/p>\n\n\n\n<p>3.1.Pasa\u017cer jest obowi\u0105zany posiada\u0107 wa\u017cny dokument uprawniaj\u0105cy go do<br>do przekroczenia granicy oraz wszelkich innych wymaganych dokument\u00f3w i<br>za\u015bwiadcze\u0144 niezb\u0119dnych do odbycia podr\u00f3\u017cy,<br>3.2 Pasa\u017cer powinien przyby\u0107 (oczekiwa\u0107) pod wskazany adres 10 minut<br>przed ustalon\u0105 przez Przewo\u017anika godzin\u0105 wyjazdu,<br>3.3. Pasa\u017cer jest ponadto zobowi\u0105zany do:<br>a) z\u0142o\u017cenia baga\u017cu do luk\u00f3w baga\u017cowyc,;<br>b) stosowania si\u0119 do polece\u0144 za\u0142ogi pojazdu,<br>c) okazywania, na wezwanie uprawnionych s\u0142u\u017cb granicznych i celnych<br>wymaganych dokument\u00f3w,<br>d) podanie dok\u0142adnego adresu, kodu pocztowego, ulicy, nr budynku,<br>miejscowo\u015bci, kraju, w pisowni pa\u0144stwa kt\u00f3rego przew\u00f3z dotyczy,<br>e) zapinanie pas\u00f3w bezpiecze\u0144stwa w poje\u017adzie,<br>f) opisania swojego baga\u017cu poprzez czytelne umieszczenie takich danych<br>jak imi\u0119, nazwisko i adres zamieszkania.<br>3.4. O ile przepisy kraju docelowego i kraj\u00f3w tranzytowych podr\u00f3\u017cy, lub<br>zapisy w uwagach opublikowanego rozk\u0142adu jazdy linii nie stanowi\u0105<br>inaczej:<br>&#8211; dzieci do 12 roku \u017cycia musz\u0105 podr\u00f3\u017cowa\u0107 pod opiek\u0105 osoby doros\u0142ej. W<br>przypadku, gdy doros\u0142y nie jest rodzicem b\u0105d\u017a prawnym opiekunem,<br>konieczne jest posiadanie przez niepe\u0142noletniego &#8222;Upowa\u017cnienia do<br>przewozu osoby niepe\u0142noletniej&#8221; wystawionego i wydanego wraz z biletem<br>przez sprzedawc\u0119,<br>&#8211; osoby w wieku od 12 do 16 lat mog\u0105 podr\u00f3\u017cowa\u0107 samodzielnie, lecz musz\u0105<br>posiada\u0107 potwierdzony notarialnie dokument &#8222;Upowa\u017cnienie do przewozu<br>osoby niepe\u0142noletniej&#8221; podpisany przez oboje rodzic\u00f3w lub opiekun\u00f3w<br>prawnych. W szczeg\u00f3lnych przypadkach przewo\u017anik mo\u017ce zastosowa\u0107<br>odst\u0119pstwa od zasad opisanych w niniejszym punkcie.<br>3.5. Fakt nie oczekiwania Pasa\u017cera pod wskazanym adresem w dniu wyjazdu<br>w okre\u015blonym przedziale czasowym jest r\u00f3wnoznaczny z rezygnacj\u0105 z<br>przejazdu,<br>3.6. W poje\u017adzie obowi\u0105zuje ca\u0142kowity zakaz palenia tytoniu i spo\u017cywania<br>napoj\u00f3w alkoholowych,<br>3.7. W trakcie przerw w podr\u00f3\u017cy Pasa\u017cer ma obowi\u0105zek przestrzega\u0107<br>wyznaczonego uprzednio czasu zako\u0144czenia przerwy i nie powodowa\u0107 przez<br>swoje zaniedbanie konieczno\u015bci wszczynania poszukiwa\u0144 b\u0105d\u017a op\u00f3\u017anie\u0144 w<br>odje\u017adzie,<br>3.8. Przewo\u017anik o\u015bwiadcza, i\u017c Pasa\u017cer obj\u0119ty jest ubezpieczeniem od<br>nast\u0119pstw nieszcz\u0119\u015bliwych wypadk\u00f3w (NNW) Przewo\u017anika. Ubezpieczenie to<br>obejmuje wy\u0142\u0105cznie sytuacje, jakie mog\u0105 zdarzy\u0107 si\u0119 w trakcie pobytu<br>Pasa\u017cera w poje\u017adzie. Po zaistnieniu wypadku szkody nale\u017cy zg\u0142asza\u0107 do<br>biura firmy Komfortoweprzejazdy.pl,<br>3.9. Pasa\u017cer odpowiada za wszelkie szkody wyrz\u0105dzone Przewo\u017anikowi i<br>innym pasa\u017cerom.<br>3.10. W przypadku rezygnacji przez Pasa\u017cera z odbycia podr\u00f3\u017cy,<br>przys\u0142uguje mu zwrot nale\u017cno\u015bci stosowny do niewykorzystanego<br>\u015bwiadczenia przewozowego po potr\u0105ceniu cz\u0119\u015bci nale\u017cno\u015bci (odst\u0119pnego). W<br>zale\u017cno\u015bci od terminu rezygnacji Przewo\u017anikowi przys\u0142uguje prawo do<br>dokonania potr\u0105ce\u0144 nast\u0119puj\u0105cych kwot:<br>a) powy\u017cej 48 godzin przed wyjazdem 25 % warto\u015bci biletu;<br>b) od 48 godzin do 24 godzin przed wyjazdem 50% warto\u015bci biletu;<br>c) poni\u017cej 24 godzin przed wyjazdem 90% warto\u015bci biletu.<br>3.11. Zwrotu nale\u017cno\u015bci za niewykorzystany bilet dokonuje biuro, w<br>kt\u00f3rym zakupiono bilet. Za bilet zakupiony u kierowcy w autokarze zwrotu<br>dokonuje Przewo\u017anik.<br>3.12. Przewo\u017anik ma prawo do potr\u0105cenia 100% warto\u015bci biletu w przypadku<br>nie zg\u0142oszenia si\u0119 Pasa\u017cera na odjazd autokaru lub gdy Pasa\u017cer nie<br>przestrzega niniejszego Regulaminu.<\/p>\n\n\n\n<p>\u00a74. [BAGA\u017b]<\/p>\n\n\n\n<p>4.1. Pasa\u017cer ma prawo do bezp\u0142atnego przewozu maksymalnie 2 sztuk baga\u017cu<br>zgodnie z poni\u017cszymi wytycznymi:<br>a) jednej sztuki baga\u017cu podstawowego o wadze do 25 kg, przewo\u017conego w<br>luku baga\u017cowym,<br>b) jednej sztuki baga\u017cu podr\u0119cznego o wadze do 5 kg,<br>4.2. Baga\u017c podr\u0119czny to baga\u017c w wymiarach pozwalaj\u0105cych na swobodne<br>umieszczenie go pod siedzeniem, a jego rozmiary nie powinny utrudnia\u0107<br>swobody podr\u00f3\u017cy pozosta\u0142ym pasa\u017cerom,<br>4.3. Baga\u017c przekraczaj\u0105cy podane w punkcie 4.1 wymiary b\u0119dzie traktowany<br>jako baga\u017c dodatkowy i b\u0119dzie m\u00f3g\u0142 by\u0107 przewieziony za dodatkow\u0105 op\u0142at\u0105<br>i po uzyskaniu zgody za\u0142ogi,<br>4.4. Pasa\u017cer mo\u017ce zabra\u0107 za dop\u0142at\u0105 drug\u0105 sztuk\u0119 baga\u017cu podstawowego<br>przy czym \u0142\u0105czny ci\u0119\u017car dw\u00f3ch sztuk baga\u017cu nie mo\u017ce przekroczy\u0107 35 kg,<br>4.5. Przewo\u017anik ma prawo odm\u00f3wi\u0107 zabrania baga\u017cu, je\u017celi nie spe\u0142nia on<br>wymog\u00f3w okre\u015blonych w niniejszym regulaminie,<br>4.6. Przewo\u017anik informuje, i\u017c zabrania si\u0119 przewozu baga\u017cu, jak r\u00f3wnie\u017c<br>posiadania przy sobie materia\u0142\u00f3w i przedmiot\u00f3w, kt\u00f3re mog\u0105 zagra\u017ca\u0107<br>bezpiecze\u0144stwu w transporcie, stwarza\u0107 mo\u017cliwo\u015b\u0107 wyrz\u0105dzenia szkody<br>innym podr\u00f3\u017cnym b\u0105d\u017a Przewo\u017anikowi oraz nara\u017ca\u0107 pozosta\u0142ych podr\u00f3\u017cnych<br>na niewygody,<br>4.7. Przewo\u017anik nie ponosi odpowiedzialno\u015bci za baga\u017ce znajduj\u0105ce si\u0119<br>poza lukiem baga\u017cowym oraz za baga\u017c podr\u0119czny,<br>4.8. Ka\u017cda sztuka baga\u017cu przewo\u017cona w luku baga\u017cowym powinna by\u0107<br>wyra\u017anie oznakowana przez Pasa\u017cera trwa\u0142\u0105 przewieszk\u0105 lub naklejk\u0105 z<br>podanym nazwiskiem i adresem. Za\u0142oga mo\u017ce sprawdzi\u0107 zgodno\u015b\u0107 podanych<br>danych z dokumentem to\u017csamo\u015bci Pasa\u017cera. Baga\u017c nieopisany i kt\u00f3rego nie<br>mo\u017cna przypisa\u0107 do konkretnej osoby, mo\u017ce zosta\u0107 przez za\u0142og\u0119 usuni\u0119ty z<br>pojazdu. W takiej sytuacji wykluczone jest dochodzenie roszcze\u0144 za<br>utrat\u0119 baga\u017cu,<br>4.9. Zabrania si\u0119 przewozu rzeczy, kt\u00f3rych przew\u00f3z jest niedozwolony na<br>podstawie odr\u0119bnych przepis\u00f3w prawnych. Zabrania si\u0119 ponadto przewozu<br>jakichkolwiek zwierz\u0105t w poje\u017adzie,<br>4.10. Na podstawie art. 23 ust. 3 ustawy z dnia 15 listopada 1984 roku<br>prawo przewozowe Przewo\u017anik w razie uzasadnionego podejrzenia ma prawo<br>sprawdzi\u0107, czy zawarto\u015b\u0107 przesy\u0142ki baga\u017cowej nie narusza wy\u017cej<br>wymienionych warunk\u00f3w,<br>4.11. Ustala si\u0119, i\u017c za przewo\u017cony baga\u017c podr\u0119czny ulokowany w<br>bezpo\u015bredniej blisko\u015bci zajmowanego miejsca w poje\u017adzie, tzn. przed,<br>pod, obok lub za (w przypadku ostatniego rz\u0119du) zajmowanym siedzeniem, a<br>tak\u017ce na p\u00f3\u0142ce baga\u017cowej nad siedzeniem oraz w swoich rzeczach<br>osobistych ca\u0142kowit\u0105 odpowiedzialno\u015b\u0107 przed s\u0142u\u017cbami granicznymi ponosi<br>Pasa\u017cer.<br>4.12. Je\u017celi przew\u00f3z osoby\/przesy\u0142ki nie zostanie uregulowany (Przesy\u0142ka<br>b\u0105d\u017a baga\u017ce pasa\u017cera) zostaj\u0105 pozostawione (pod zastaw) do czasu<br>uregulowania p\u0142atno\u015bci (po 3 miesi\u0105cach firma mo\u017ce zutylizowa\u0107<br>pozostawione przedmioty).<\/p>\n\n\n\n<p>\u00a75. [UMOWA PRZEWOZU]<\/p>\n\n\n\n<p>5.1. Umowa przewozu zostaje zawarta w momencie uiszczenia op\u0142aty za<br>przew\u00f3z,<br>5.2. Op\u0142at\u0119 nale\u017cy ui\u015bci\u0107 przed rozpocz\u0119ciem podr\u00f3\u017cy bezpo\u015brednio u<br>kierowcy,<br>5.3. W momencie uiszczenia op\u0142aty Pasa\u017cer akceptuje tre\u015b\u0107 niniejszego<br>regulaminu,<br>5.3 Z uwagi na specyfik\u0119 dzia\u0142alno\u015bci przewo\u017anika czyli przew\u00f3z os\u00f3b i<br>mienia &#8222;DOOR to DOOR&#8221; (od drzwi do drzwi) nie istnieje regularny i sta\u0142y<br>rozk\u0142ad jazdy. Rozk\u0142ad jazdy ustalany jest na bie\u017c\u0105co na podstawie<br>Rezerwacji dokonywanych telefonicznie oraz za po\u015brednictwem strony<br>internetowej przewo\u017anika&nbsp;<a href=\"https:\/\/tanieprzejazdyak.pl\/\" rel=\"noreferrer noopener\" target=\"_blank\">www.komfortoweprzejazdy.pl<\/a><br>5.4 Rezerwacji miejsc dokonuje si\u0119 bez przydzia\u0142u okre\u015blonego numeru<br>miejsca,<br>5.5. Przewo\u017anik mo\u017ce powierzy\u0107 wykonanie przewozu innym przewo\u017anikom.<\/p>\n\n\n\n<p>\u00a76. [REKLAMACJE]<\/p>\n\n\n\n<p>6.1. Wszelkie zg\u0142oszenia reklamacyjne zwi\u0105zane z realizacj\u0105 umowy<br>przewozowej nale\u017cy kierowa\u0107 osobi\u015bcie, listownie na adres Przewo\u017anika<br>lub poczt\u0105 elektroniczn\u0105,<br>6.2. Przewo\u017anik przyjmuje reklamacje zg\u0142oszone w okresie do 30 dni od<br>zaistnienia okoliczno\u015bci, kt\u00f3ra jest przedmiotem reklamacji. Przy<br>zg\u0142aszaniu reklamacji niezb\u0119dne jest:<br>a) opisanie zaistnia\u0142ych okoliczno\u015bci,<br>b) wnoszone zastrze\u017cenia,<br>c) ewentualnie doznane szkody i zwi\u0105zane z tym roszczenia.<br>6.3 Przewo\u017anik rozpatrzy reklamacje w terminie 30 dni roboczych od dnia<br>ich otrzymania, z zastrze\u017ceniem okoliczno\u015bci, w kt\u00f3rych istnieje<br>potrzeba uzyskania dodatkowych wyja\u015bnie\u0144\/informacji od Pasa\u017cera,<br>6.4. Przewo\u017anik zastrzega, i\u017c reklamacje dotycz\u0105ce baga\u017cu przewo\u017conego w<br>luku baga\u017cowym mo\u017cna sk\u0142ada\u0107 tylko w chwili jego wydania bezpo\u015brednio<br>osobie wydaj\u0105cej baga\u017c,<br>6.5. Baga\u017c nieodebrany przez Pasa\u017cera, je\u017celi nie zawiera \u015brodk\u00f3w<br>psuj\u0105cych si\u0119, b\u0119dzie przekazany do przechowania na okres nie d\u0142u\u017cszy<br>ni\u017c 30 dni,<br>6.6. Przedmioty pozostawione przez Pasa\u017cera w poje\u017adzie w wyniku<br>nieuwagi lub w innych okoliczno\u015bciach nie s\u0105 obj\u0119te ochron\u0105 i<br>odpowiedzialno\u015bci\u0105 Przewo\u017anika,<br>6.7. W przypadku utraty baga\u017cu z winy Przewo\u017anika, maksymalna wysoko\u015b\u0107<br>odszkodowania dotycz\u0105ca op\u0142aconego baga\u017cu nie mo\u017ce przekroczy\u0107 100,00<br>PLN lub r\u00f3wnowarto\u015bci tej kwoty w EURO. Baga\u017c o warto\u015bci przekraczaj\u0105cej<br>100,00 PLN powinien by\u0107 ubezpieczony przez Pasa\u017cera na jego koszt.<\/p>\n\n\n\n<p>\u00a77. [POSTANOWIENIA KO\u0143COWE]<\/p>\n\n\n\n<p>W zakresie nieuregulowanym w niniejszym regulaminie maj\u0105 zastosowanie:<br>a) ustawa z dnia 15 listopada 1984 r. prawo przewozowe (Dz. U. z 2000 r.<br>nr 50, poz. 601; z p\u00f3\u017an. zmianami,<br>b) ustawa z dnia 23 kwietnia 1964 r. kodeks cywilny (Dz. U. z 1964 r. nr<br>16, poz. 93; z p\u00f3\u017an. zmianami).<\/p>\n","protected":false},"excerpt":{"rendered":"<p>Regulamin przewozu os\u00f3b \u00a71. [Postanowienia og\u00f3lne] 1.1. Niniejsze postanowienia stanowi\u0105 regulamin w rozumieniu art. 4ustawy z dnia 15 listopada 1984 r. prawo przewozowe (Dz. U. z 2000 r. nr50, poz. 601; z p\u00f3\u017an. zmianami) i okre\u015bla warunki obs\u0142ugi podr\u00f3\u017cnych,odprawy oraz przewozu os\u00f3b i rzeczy.1.2. U\u017cyte w Regulaminie okre\u015blenia nale\u017cy rozumie\u0107:a) Tanie PrzejazdyAK Sp.z o.o. NIP [&hellip;]<\/p>\n","protected":false},"author":1,"featured_media":0,"parent":0,"menu_order":0,"comment_status":"closed","ping_status":"closed","template":"","meta":{"saved_in_kubio":true,"footnotes":""},"class_list":["post-2797","page","type-page","status-publish","hentry"],"kubio_ai_page_context":{"short_desc":"","purpose":"general"},"_links":{"self":[{"href":"https:\/\/tanieprzejazdyak.pl\/index.php?rest_route=\/wp\/v2\/pages\/2797","targetHints":{"allow":["GET"]}}],"collection":[{"href":"https:\/\/tanieprzejazdyak.pl\/index.php?rest_route=\/wp\/v2\/pages"}],"about":[{"href":"https:\/\/tanieprzejazdyak.pl\/index.php?rest_route=\/wp\/v2\/types\/page"}],"author":[{"embeddable":true,"href":"https:\/\/tanieprzejazdyak.pl\/index.php?rest_route=\/wp\/v2\/users\/1"}],"replies":[{"embeddable":true,"href":"https:\/\/tanieprzejazdyak.pl\/index.php?rest_route=%2Fwp%2Fv2%2Fcomments&post=2797"}],"version-history":[{"count":2,"href":"https:\/\/tanieprzejazdyak.pl\/index.php?rest_route=\/wp\/v2\/pages\/2797\/revisions"}],"predecessor-version":[{"id":2800,"href":"https:\/\/tanieprzejazdyak.pl\/index.php?rest_route=\/wp\/v2\/pages\/2797\/revisions\/2800"}],"wp:attachment":[{"href":"https:\/\/tanieprzejazdyak.pl\/index.php?rest_route=%2Fwp%2Fv2%2Fmedia&parent=2797"}],"curies":[{"name":"wp","href":"https:\/\/api.w.org\/{rel}","templated":true}]}}